{"id":2,"date":"2020-05-05T10:59:59","date_gmt":"2020-05-05T10:59:59","guid":{"rendered":"https:\/\/alfonsopara.info\/viajes\/?page_id=2"},"modified":"2020-05-11T17:55:01","modified_gmt":"2020-05-11T09:55:01","slug":"tours","status":"publish","type":"page","link":"https:\/\/alfonsopara.info\/viajes\/","title":{"rendered":"Tours"},"content":{"rendered":"","protected":false},"excerpt":{"rendered":"","protected":false},"author":1,"featured_media":0,"parent":0,"menu_order":0,"comment_status":"closed","ping_status":"open","template":"portfolio.php","meta":{"footnotes":""},"class_list":["post-2","page","type-page","status-publish","hentry"],"yoast_head":"<!-- This site is optimized with the Yoast SEO plugin v27.5 - https:\/\/yoast.com\/product\/yoast-seo-wordpress\/ -->\n<title>Viajes al T\u00edbet con Alfonso Para<\/title>\n<meta name=\"description\" content=\"Alfonso es el \u00fanico espa\u00f1ol viviendo en Lhasa y lleva m\u00e1s de 10 a\u00f1os explorando el altiplano tibetano y los himalayas. Viaja con todas las garant\u00edas.\" \/>\n<meta name=\"robots\" content=\"index, follow, max-snippet:-1, max-image-preview:large, max-video-preview:-1\" \/>\n<link rel=\"canonical\" href=\"https:\/\/alfonsopara.info\/viajes\/\" \/>\n<meta property=\"og:locale\" content=\"es_ES\" \/>\n<meta property=\"og:type\" content=\"article\" \/>\n<meta property=\"og:title\" content=\"Viajes al T\u00edbet con Alfonso Para\" \/>\n<meta property=\"og:description\" content=\"Alfonso es el \u00fanico espa\u00f1ol viviendo en Lhasa y lleva m\u00e1s de 10 a\u00f1os explorando el altiplano tibetano y los himalayas. Viaja con todas las garant\u00edas.\" \/>\n<meta property=\"og:url\" content=\"https:\/\/alfonsopara.info\/viajes\/\" \/>\n<meta property=\"og:site_name\" content=\"T\u00edbet\" \/>\n<meta property=\"article:publisher\" content=\"https:\/\/www.facebook.com\/alfonsopara\" \/>\n<meta property=\"article:modified_time\" content=\"2020-05-11T09:55:01+00:00\" \/>\n<meta name=\"twitter:card\" content=\"summary_large_image\" \/>\n<meta name=\"twitter:site\" content=\"@inocuo\" \/>\n<script type=\"application\/ld+json\" class=\"yoast-schema-graph\">{\"@context\":\"https:\\\/\\\/schema.org\",\"@graph\":[{\"@type\":\"WebPage\",\"@id\":\"https:\\\/\\\/alfonsopara.info\\\/viajes\\\/\",\"url\":\"https:\\\/\\\/alfonsopara.info\\\/viajes\\\/\",\"name\":\"Viajes al T\u00edbet con Alfonso Para\",\"isPartOf\":{\"@id\":\"https:\\\/\\\/alfonsopara.info\\\/viajes\\\/#website\"},\"datePublished\":\"2020-05-05T10:59:59+00:00\",\"dateModified\":\"2020-05-11T09:55:01+00:00\",\"description\":\"Alfonso es el \u00fanico espa\u00f1ol viviendo en Lhasa y lleva m\u00e1s de 10 a\u00f1os explorando el altiplano tibetano y los himalayas. Viaja con todas las garant\u00edas.\",\"breadcrumb\":{\"@id\":\"https:\\\/\\\/alfonsopara.info\\\/viajes\\\/#breadcrumb\"},\"inLanguage\":\"es\",\"potentialAction\":[{\"@type\":\"ReadAction\",\"target\":[\"https:\\\/\\\/alfonsopara.info\\\/viajes\\\/\"]}]},{\"@type\":\"BreadcrumbList\",\"@id\":\"https:\\\/\\\/alfonsopara.info\\\/viajes\\\/#breadcrumb\",\"itemListElement\":[{\"@type\":\"ListItem\",\"position\":1,\"name\":\"Portada\",\"item\":\"https:\\\/\\\/alfonsopara.info\\\/viajes\\\/\"},{\"@type\":\"ListItem\",\"position\":2,\"name\":\"Tours\"}]},{\"@type\":\"WebSite\",\"@id\":\"https:\\\/\\\/alfonsopara.info\\\/viajes\\\/#website\",\"url\":\"https:\\\/\\\/alfonsopara.info\\\/viajes\\\/\",\"name\":\"Viaja al T\u00edbet\",\"description\":\"con Alfonso Para\",\"publisher\":{\"@id\":\"https:\\\/\\\/alfonsopara.info\\\/viajes\\\/#\\\/schema\\\/person\\\/e5ec0ef9399600d87a35451042e49ed8\"},\"potentialAction\":[{\"@type\":\"SearchAction\",\"target\":{\"@type\":\"EntryPoint\",\"urlTemplate\":\"https:\\\/\\\/alfonsopara.info\\\/viajes\\\/?s={search_term_string}\"},\"query-input\":{\"@type\":\"PropertyValueSpecification\",\"valueRequired\":true,\"valueName\":\"search_term_string\"}}],\"inLanguage\":\"es\"},{\"@type\":[\"Person\",\"Organization\"],\"@id\":\"https:\\\/\\\/alfonsopara.info\\\/viajes\\\/#\\\/schema\\\/person\\\/e5ec0ef9399600d87a35451042e49ed8\",\"name\":\"Alfonso Para\",\"image\":{\"@type\":\"ImageObject\",\"inLanguage\":\"es\",\"@id\":\"https:\\\/\\\/alfonsopara.info\\\/viajes\\\/wp-content\\\/uploads\\\/Alfonso-Para.jpg\",\"url\":\"https:\\\/\\\/alfonsopara.info\\\/viajes\\\/wp-content\\\/uploads\\\/Alfonso-Para.jpg\",\"contentUrl\":\"https:\\\/\\\/alfonsopara.info\\\/viajes\\\/wp-content\\\/uploads\\\/Alfonso-Para.jpg\",\"width\":960,\"height\":957,\"caption\":\"Alfonso Para\"},\"logo\":{\"@id\":\"https:\\\/\\\/alfonsopara.info\\\/viajes\\\/wp-content\\\/uploads\\\/Alfonso-Para.jpg\"},\"sameAs\":[\"https:\\\/\\\/alfonsopara.info\\\/\",\"https:\\\/\\\/www.facebook.com\\\/alfonsopara\",\"https:\\\/\\\/www.instagram.com\\\/inocuo\",\"https:\\\/\\\/x.com\\\/inocuo\"]}]}<\/script>\n<!-- \/ Yoast SEO plugin. -->","yoast_head_json":{"title":"Viajes al T\u00edbet con Alfonso Para","description":"Alfonso es el \u00fanico espa\u00f1ol viviendo en Lhasa y lleva m\u00e1s de 10 a\u00f1os explorando el altiplano tibetano y los himalayas. Viaja con todas las garant\u00edas.","robots":{"index":"index","follow":"follow","max-snippet":"max-snippet:-1","max-image-preview":"max-image-preview:large","max-video-preview":"max-video-preview:-1"},"canonical":"https:\/\/alfonsopara.info\/viajes\/","og_locale":"es_ES","og_type":"article","og_title":"Viajes al T\u00edbet con Alfonso Para","og_description":"Alfonso es el \u00fanico espa\u00f1ol viviendo en Lhasa y lleva m\u00e1s de 10 a\u00f1os explorando el altiplano tibetano y los himalayas. Viaja con todas las garant\u00edas.","og_url":"https:\/\/alfonsopara.info\/viajes\/","og_site_name":"T\u00edbet","article_publisher":"https:\/\/www.facebook.com\/alfonsopara","article_modified_time":"2020-05-11T09:55:01+00:00","twitter_card":"summary_large_image","twitter_site":"@inocuo","schema":{"@context":"https:\/\/schema.org","@graph":[{"@type":"WebPage","@id":"https:\/\/alfonsopara.info\/viajes\/","url":"https:\/\/alfonsopara.info\/viajes\/","name":"Viajes al T\u00edbet con Alfonso Para","isPartOf":{"@id":"https:\/\/alfonsopara.info\/viajes\/#website"},"datePublished":"2020-05-05T10:59:59+00:00","dateModified":"2020-05-11T09:55:01+00:00","description":"Alfonso es el \u00fanico espa\u00f1ol viviendo en Lhasa y lleva m\u00e1s de 10 a\u00f1os explorando el altiplano tibetano y los himalayas. Viaja con todas las garant\u00edas.","breadcrumb":{"@id":"https:\/\/alfonsopara.info\/viajes\/#breadcrumb"},"inLanguage":"es","potentialAction":[{"@type":"ReadAction","target":["https:\/\/alfonsopara.info\/viajes\/"]}]},{"@type":"BreadcrumbList","@id":"https:\/\/alfonsopara.info\/viajes\/#breadcrumb","itemListElement":[{"@type":"ListItem","position":1,"name":"Portada","item":"https:\/\/alfonsopara.info\/viajes\/"},{"@type":"ListItem","position":2,"name":"Tours"}]},{"@type":"WebSite","@id":"https:\/\/alfonsopara.info\/viajes\/#website","url":"https:\/\/alfonsopara.info\/viajes\/","name":"Viaja al T\u00edbet","description":"con Alfonso Para","publisher":{"@id":"https:\/\/alfonsopara.info\/viajes\/#\/schema\/person\/e5ec0ef9399600d87a35451042e49ed8"},"potentialAction":[{"@type":"SearchAction","target":{"@type":"EntryPoint","urlTemplate":"https:\/\/alfonsopara.info\/viajes\/?s={search_term_string}"},"query-input":{"@type":"PropertyValueSpecification","valueRequired":true,"valueName":"search_term_string"}}],"inLanguage":"es"},{"@type":["Person","Organization"],"@id":"https:\/\/alfonsopara.info\/viajes\/#\/schema\/person\/e5ec0ef9399600d87a35451042e49ed8","name":"Alfonso Para","image":{"@type":"ImageObject","inLanguage":"es","@id":"https:\/\/alfonsopara.info\/viajes\/wp-content\/uploads\/Alfonso-Para.jpg","url":"https:\/\/alfonsopara.info\/viajes\/wp-content\/uploads\/Alfonso-Para.jpg","contentUrl":"https:\/\/alfonsopara.info\/viajes\/wp-content\/uploads\/Alfonso-Para.jpg","width":960,"height":957,"caption":"Alfonso Para"},"logo":{"@id":"https:\/\/alfonsopara.info\/viajes\/wp-content\/uploads\/Alfonso-Para.jpg"},"sameAs":["https:\/\/alfonsopara.info\/","https:\/\/www.facebook.com\/alfonsopara","https:\/\/www.instagram.com\/inocuo","https:\/\/x.com\/inocuo"]}]}},"_links":{"self":[{"href":"https:\/\/alfonsopara.info\/viajes\/wp-json\/wp\/v2\/pages\/2","targetHints":{"allow":["GET"]}}],"collection":[{"href":"https:\/\/alfonsopara.info\/viajes\/wp-json\/wp\/v2\/pages"}],"about":[{"href":"https:\/\/alfonsopara.info\/viajes\/wp-json\/wp\/v2\/types\/page"}],"author":[{"embeddable":true,"href":"https:\/\/alfonsopara.info\/viajes\/wp-json\/wp\/v2\/users\/1"}],"replies":[{"embeddable":true,"href":"https:\/\/alfonsopara.info\/viajes\/wp-json\/wp\/v2\/comments?post=2"}],"version-history":[{"count":1,"href":"https:\/\/alfonsopara.info\/viajes\/wp-json\/wp\/v2\/pages\/2\/revisions"}],"predecessor-version":[{"id":554,"href":"https:\/\/alfonsopara.info\/viajes\/wp-json\/wp\/v2\/pages\/2\/revisions\/554"}],"wp:attachment":[{"href":"https:\/\/alfonsopara.info\/viajes\/wp-json\/wp\/v2\/media?parent=2"}],"curies":[{"name":"wp","href":"https:\/\/api.w.org\/{rel}","templated":true}]}}